{"id":234,"date":"2019-10-21T17:45:32","date_gmt":"2019-10-21T15:45:32","guid":{"rendered":"https:\/\/www.hostallosverdiales.com\/web\/?page_id=234"},"modified":"2019-10-24T06:09:40","modified_gmt":"2019-10-24T04:09:40","slug":"politica-de-privacidad","status":"publish","type":"page","link":"https:\/\/www.hostallosverdiales.com\/web\/politica-de-privacidad\/","title":{"rendered":"Pol\u00edtica de privacidad"},"content":{"rendered":"\n<h2 class=\"wp-block-heading\">Qui\u00e9nes somos<\/h2>\n\n\n\n<p>La direcci\u00f3n de nuestra web es: https:\/\/www.hostallosverdiales.com\/<\/p>\n\n\n\n<p>Esta es la p\u00e1gina oficial de la mercantil <strong>Hostal Los Verdiales S. L. L. <\/strong>con identificaci\u00f3n fiscal <strong>CIF B-18526863<\/strong>. Esta mercantil es propietaria de la p\u00e1gina web, de los correos de reservas y de  la Pensi\u00f3n Los Verdiales, modalidad Playa y n\u00famero de registro <strong>H\/GR\/01077<\/strong>.<\/p>\n\n\n\n<p>Puede contactar con nosotros por cualquiera de los siguientes medios:<\/p>\n\n\n\n<table class=\"wp-block-table\"><tbody><tr><td><strong>Correo postal<\/strong><\/td><td>Carretera Nacional N-340, Km. 308<br>18697 La Herradura (Almu\u00f1\u00e9car).<br>Granada.<\/td><\/tr><tr><td><strong>Correo electr\u00f3nico<\/strong><\/td><td><a href=\"mailto:hostallosverdialessll@hotmail.es\">hostallosverdialessll@hotmail.es<\/a><\/td><\/tr><tr><td><strong>Tel\u00e9fonos<\/strong><\/td><td>+34 958 640 208<br>+34 664 54 59 64<\/td><\/tr><\/tbody><\/table>\n\n\n\n<h2 class=\"wp-block-heading\">Qu\u00e9 datos personales recogemos y por qu\u00e9 los recogemos<\/h2>\n\n\n\n<h3 class=\"wp-block-heading\">Formularios de contacto<\/h3>\n\n\n\n<p>Cuando nos env\u00edas un correo electr\u00f3nico, tanto desde la web, como directamente a nuestro buz\u00f3n, mantenemos de forma privada y segura la informaci\u00f3n con el \u00fanic fin de poder dar respuesta a tu solicitud.<\/p>\n\n\n\n<p>Si la solicitud est\u00e1 referida a una reserva de alojamiento, tus datos son utilizados \u00fanicamente con ese fin.<\/p>\n\n\n\n<h3 class=\"wp-block-heading\">Cookies<\/h3>\n\n\n\n<p>Nuestra web utiliza cookies de sesi\u00f3n para poder funcionar. <\/p>\n\n\n\n<p>Si tienes una cuenta y te conectas a este sitio, instalaremos una cookie temporal para determinar si tu navegador acepta cookies. Esta cookie no contiene datos personales y se elimina al cerrar el navegador.<\/p>\n\n\n\n<p>Cuando inicias sesi\u00f3n, tambi\u00e9n instalaremos varias cookies para guardar tu informaci\u00f3n de inicio de sesi\u00f3n y tus opciones de visualizaci\u00f3n de pantalla. Las cookies de inicio de sesi\u00f3n duran dos d\u00edas, y las cookies de opciones de pantalla duran un a\u00f1o. Si seleccionas \u00abRecordarme\u00bb, tu inicio de sesi\u00f3n perdurar\u00e1 durante dos semanas. Si sales de tu cuenta, las cookies de inicio de sesi\u00f3n se eliminar\u00e1n.<\/p>\n\n\n\n<h3 class=\"wp-block-heading\">Anal\u00edtica<\/h3>\n\n\n\n<h2 class=\"wp-block-heading\">Cu\u00e1nto tiempo conservamos tus datos<\/h2>\n\n\n\n<p>Si dejas un comentario, el comentario y sus metadatos se conservan indefinidamente. Esto es para que podamos reconocer y aprobar comentarios sucesivos autom\u00e1ticamente en lugar de mantenerlos en una cola de moderaci\u00f3n.<\/p>\n\n\n\n<p>De los usuarios que se registran en nuestra web (si los hay), tambi\u00e9n almacenamos la informaci\u00f3n personal que proporcionan en su perfil de usuario. Todos los usuarios pueden ver, editar o eliminar su informaci\u00f3n personal en cualquier momento (excepto que no pueden cambiar su nombre de usuario). Los administradores de la web tambi\u00e9n pueden ver y editar esa informaci\u00f3n.<\/p>\n\n\n\n<h2 class=\"wp-block-heading\">Qu\u00e9 derechos tienes sobre tus datos<\/h2>\n\n\n\n<p>Si tienes una cuenta o has dejado comentarios en esta web, puedes solicitar que eliminemos cualquier dato personal que tengamos sobre ti. Esto no incluye ning\u00fan dato que estemos obligados a conservar con fines administrativos, legales o de seguridad.<\/p>\n\n\n\n<h2 class=\"wp-block-heading\">Tratamiento de los datos por parte de terceros<\/h2>\n\n\n\n<p>Los comentarios de los visitantes puede que los revise un servicio de detecci\u00f3n autom\u00e1tica de spam.<\/p>\n\n\n\n<a id=\"pagos\"><\/a>\n\n\n\n<h2 class=\"wp-block-heading\">Pagos a trav\u00e9s de la web<\/h2>\n\n\n\n<p>Nuestra web dispone de una pasarela de pagos con la que poder pagar parte o la totalidad de tu reserva. Como el resto de la web, la p\u00e1gina de pagos est\u00e1 cifrada bajo el protocolo SSL. <\/p>\n\n\n\n<p>Cuando efect\u00faas un pago mediante nuestra web, los datos que almacenamos son los siguientes: <\/p>\n\n\n\n<ul class=\"wp-block-list\"><li>fecha y hora de la transacci\u00f3n,<\/li><li>email<\/li><li>importe<\/li><li>referencia del pago (n\u00famero de reserva, por ejemplo)<\/li><\/ul>\n\n\n\n<p>Esta informaci\u00f3n se mantiene almacenada por requerimientos legales y no se usa para nada m\u00e1s que confirmar tu reserva y justificar nuestra venta.<\/p>\n\n\n\n<h2 class=\"wp-block-heading\">Condiciones de Cancelaci\u00f3n<\/h2>\n\n\n\n<p>El cliente podr\u00e1 cancelar la reserva de forma gratuita, hasta 3 d\u00edas antes de la fecha de llegada.<\/p>\n\n\n\n<p>El cliente tendr\u00e1 que pagar el precio de la primera noche, si cancela durante los 3 d\u00edas antes de fecha de llegada.<\/p>\n\n\n\n<p>Las reservas de m\u00e1s de 3 d\u00edas de estancia, reservas de 2 habitaciones o m\u00e1s y reservas de grupos, el cargo por cancelaci\u00f3n fuera de plazo ser\u00e1 del 25% del importe total de la reserva.&nbsp;<\/p>\n\n\n\n<h2 class=\"wp-block-heading\">Informaci\u00f3n adicional<\/h2>\n\n\n\n<h3 class=\"wp-block-heading\">C\u00f3mo protegemos tus datos<\/h3>\n\n\n\n<p>Nuestro sitio web utiliza una conexi\u00f3n cifrada mediante el protocolo de seguridad SSL. De la misma forma, nuestros datos y sistemas cuentan con las medidas de seguridad est\u00e1ndares del mercado que garantizan la correcta custodia y privacidad de los mismos. <\/p>\n","protected":false},"excerpt":{"rendered":"<p>Qui\u00e9nes somos La direcci\u00f3n de nuestra web es: https:\/\/www.hostallosverdiales.com\/ Esta es la p\u00e1gina oficial de la mercantil Hostal Los Verdiales S. L. L. con identificaci\u00f3n fiscal CIF B-18526863. Esta mercantil es propietaria de la p\u00e1gina web, de los correos de reservas y de la Pensi\u00f3n Los Verdiales, modalidad Playa y n\u00famero de registro H\/GR\/01077. Puede &hellip; <\/p>\n<p class=\"link-more\"><a href=\"https:\/\/www.hostallosverdiales.com\/web\/politica-de-privacidad\/\" class=\"more-link\">Continuar leyendo<span class=\"screen-reader-text\"> \u00abPol\u00edtica de privacidad\u00bb<\/span><\/a><\/p>\n","protected":false},"author":1,"featured_media":0,"parent":0,"menu_order":0,"comment_status":"closed","ping_status":"closed","template":"","meta":{"footnotes":""},"class_list":["post-234","page","type-page","status-publish","hentry"],"jetpack_sharing_enabled":true,"_links":{"self":[{"href":"https:\/\/www.hostallosverdiales.com\/web\/wp-json\/wp\/v2\/pages\/234","targetHints":{"allow":["GET"]}}],"collection":[{"href":"https:\/\/www.hostallosverdiales.com\/web\/wp-json\/wp\/v2\/pages"}],"about":[{"href":"https:\/\/www.hostallosverdiales.com\/web\/wp-json\/wp\/v2\/types\/page"}],"author":[{"embeddable":true,"href":"https:\/\/www.hostallosverdiales.com\/web\/wp-json\/wp\/v2\/users\/1"}],"replies":[{"embeddable":true,"href":"https:\/\/www.hostallosverdiales.com\/web\/wp-json\/wp\/v2\/comments?post=234"}],"version-history":[{"count":4,"href":"https:\/\/www.hostallosverdiales.com\/web\/wp-json\/wp\/v2\/pages\/234\/revisions"}],"predecessor-version":[{"id":256,"href":"https:\/\/www.hostallosverdiales.com\/web\/wp-json\/wp\/v2\/pages\/234\/revisions\/256"}],"wp:attachment":[{"href":"https:\/\/www.hostallosverdiales.com\/web\/wp-json\/wp\/v2\/media?parent=234"}],"curies":[{"name":"wp","href":"https:\/\/api.w.org\/{rel}","templated":true}]}}