{"id":29,"date":"2019-09-30T17:20:02","date_gmt":"2019-09-30T15:20:02","guid":{"rendered":"https:\/\/www.hostallosverdiales.com\/web\/?page_id=29"},"modified":"2022-09-14T17:31:10","modified_gmt":"2022-09-14T15:31:10","slug":"inicio","status":"publish","type":"page","link":"https:\/\/www.hostallosverdiales.com\/web\/","title":{"rendered":"Pensi\u00f3n Los Verdiales"},"content":{"rendered":"<p>Somos un peque\u00f1o y Familiar establecimiento hotelero desde 1969, nuestra categor\u00eda es Pensi\u00f3n Modalidad Playa, estamos en la carretera nacional 340 La Herradura (Granada)<\/p>\n<p>Tenemos un acceso directo a la maravillosa Bah\u00eda de la Herradura y la playa, a tan s\u00f3lo 300m a pie o tambi\u00e9n pueden acceder en coche.<\/p>\n<p>Nuestras habitaciones est\u00e1n equipadas con ba\u00f1o completo TV y Climatizadas, disponibles en los formatos de Matrimonio y Dobles.<\/p>\n<p>Nuestra clientela principal, son submarinistas que vienen a disfrutar de los maravillosos fondos Marinos que tenemos en la Bah\u00eda de la Herradura.<\/p>\n<h4>Actividades Subacu\u00e1ticas<\/h4>\n<p>Si no has practicado nunca esta actividad, te lo contratamos todo, para que no tengas que preocuparte de nada.<\/p>\n<ul>\n<li>Bautizos de Buceo<\/li>\n<li>Salidas desde Embarcaciones<\/li>\n<li>Cursos de Buceo<\/li>\n<li>Reciclaje de cursos<\/li>\n<li>Paseos en Velero<\/li>\n<li>Todo tipo de Actividades N\u00e1uticas<\/li>\n<\/ul>\n<p>En la actualidad, s\u00f3lo damos los formatos de habitaci\u00f3n y desayuno.<br \/>Para grupos de submarinistas, superiores a 10 personas tambi\u00e9n ofrecemos la posibilidad de contratar la media pensi\u00f3n. (Desayuno y Comida).<\/p>\n\n\n<h2 class=\"wp-block-heading\"><\/h2>\n\n\n\n<p><\/p>\n","protected":false},"excerpt":{"rendered":"<p>Somos un peque\u00f1o y Familiar establecimiento hotelero desde 1969, nuestra categor\u00eda es Pensi\u00f3n Modalidad Playa, estamos en la carretera nacional 340 La Herradura (Granada) Tenemos un acceso directo a la maravillosa Bah\u00eda de la Herradura y la playa, a tan s\u00f3lo 300m a pie o tambi\u00e9n pueden acceder en coche. Nuestras habitaciones est\u00e1n equipadas con &hellip; <\/p>\n<p class=\"link-more\"><a href=\"https:\/\/www.hostallosverdiales.com\/web\/\" class=\"more-link\">Continuar leyendo<span class=\"screen-reader-text\"> \u00abPensi\u00f3n Los Verdiales\u00bb<\/span><\/a><\/p>\n","protected":false},"author":1,"featured_media":0,"parent":0,"menu_order":0,"comment_status":"closed","ping_status":"closed","template":"","meta":{"footnotes":""},"class_list":["post-29","page","type-page","status-publish","hentry"],"jetpack_sharing_enabled":true,"_links":{"self":[{"href":"https:\/\/www.hostallosverdiales.com\/web\/wp-json\/wp\/v2\/pages\/29","targetHints":{"allow":["GET"]}}],"collection":[{"href":"https:\/\/www.hostallosverdiales.com\/web\/wp-json\/wp\/v2\/pages"}],"about":[{"href":"https:\/\/www.hostallosverdiales.com\/web\/wp-json\/wp\/v2\/types\/page"}],"author":[{"embeddable":true,"href":"https:\/\/www.hostallosverdiales.com\/web\/wp-json\/wp\/v2\/users\/1"}],"replies":[{"embeddable":true,"href":"https:\/\/www.hostallosverdiales.com\/web\/wp-json\/wp\/v2\/comments?post=29"}],"version-history":[{"count":10,"href":"https:\/\/www.hostallosverdiales.com\/web\/wp-json\/wp\/v2\/pages\/29\/revisions"}],"predecessor-version":[{"id":415,"href":"https:\/\/www.hostallosverdiales.com\/web\/wp-json\/wp\/v2\/pages\/29\/revisions\/415"}],"wp:attachment":[{"href":"https:\/\/www.hostallosverdiales.com\/web\/wp-json\/wp\/v2\/media?parent=29"}],"curies":[{"name":"wp","href":"https:\/\/api.w.org\/{rel}","templated":true}]}}